{"id":11,"date":"2007-08-14T08:42:27","date_gmt":"2007-08-14T08:42:27","guid":{"rendered":"http:\/\/www.judovittorioveneto.net\/?page_id=11"},"modified":"2025-11-13T18:16:30","modified_gmt":"2025-11-13T18:16:30","slug":"aikido","status":"publish","type":"page","link":"https:\/\/www.judovittorioveneto.net\/?page_id=11","title":{"rendered":"Aikido"},"content":{"rendered":"\n<p>Al Judo-Aikido Vittorio Veneto sono ormai diversi anni che \u00e8 avviata una delle scuole di Aikido FIJLKAM tra le pi\u00f9 importanti e conosciute d&#8217;Italia, in Regione Veneto infatti fu la prima ad essere avviata ed affiliata nel 1993 alla Federazione Italiana Judo Lotta Karate e Arti Marziali dal M. Vascellari Gianpietro.<\/p>\n\n\n\n<p>I corsi si tengono <strong><em>ogni marted\u00ec e gioved\u00ec<\/em><\/strong> presso il palazzetto dello sport di Piazza Aldo Moro (Vittorio Veneto) <strong><em>dalle ore 19 alle ore 20.30<\/em><\/strong> e propongono:<\/p>\n\n\n\n<p><strong><em>Aiki Taiso<\/em><\/strong> &#8211; La Ginnastica dell&#8217;Aikido<\/p>\n\n\n\n<p><strong><em>Buki Waza<\/em><\/strong> &#8211; Tecniche Armate<\/p>\n\n\n\n<p><strong><em>Tai Jutsu<\/em><\/strong> &#8211; Tecniche a corpo libero<\/p>\n\n\n\n<p>Inoltre, solitamente il sabato o la domenica, vi sono dei <em><strong>Seminari Tecnici<\/strong><\/em> che svolgiamo all&#8217;aperto immersi nella natura.<\/p>\n\n\n\n<p>A questi eventi \u00e8 possibile aderire a prescindere dalla disciplina praticata o dall&#8217;esperienza; come riferisce infatti l&#8217;attuale insegnante di Aikido: &#8220;<strong><em>insegno a chiunque abbia desiderio d&#8217;imparare..<\/em><\/strong>&#8221; Tonon F.<\/p>\n\n\n\n<div class=\"wp-block-media-text is-stacked-on-mobile\" style=\"grid-template-columns:44% auto\"><figure class=\"wp-block-media-text__media\"><img loading=\"lazy\" width=\"707\" height=\"1024\" src=\"https:\/\/www.judovittorioveneto.net\/wp-content\/uploads\/2021\/08\/inse-Copia-707x1024.jpg\" alt=\"\" class=\"wp-image-2887 size-full\" srcset=\"https:\/\/www.judovittorioveneto.net\/wp-content\/uploads\/2021\/08\/inse-Copia-707x1024.jpg 707w, https:\/\/www.judovittorioveneto.net\/wp-content\/uploads\/2021\/08\/inse-Copia-207x300.jpg 207w, https:\/\/www.judovittorioveneto.net\/wp-content\/uploads\/2021\/08\/inse-Copia-768x1113.jpg 768w, https:\/\/www.judovittorioveneto.net\/wp-content\/uploads\/2021\/08\/inse-Copia-1060x1536.jpg 1060w, https:\/\/www.judovittorioveneto.net\/wp-content\/uploads\/2021\/08\/inse-Copia.jpg 1333w\" sizes=\"(max-width: 707px) 100vw, 707px\" \/><\/figure><div class=\"wp-block-media-text__content\">\n<p class=\"has-normal-font-size\">L&#8217;insegnante di Aikido Tonon Fabio:<\/p>\n\n\n\n<ul><li>Laureato in Scienze Motorie<\/li><li>Nidan e Fukushidoin AIKIKAI<\/li><li>Nidan ed Allenatore FIJLKAM<\/li><li>Yondan ed Istruttore di Judo<\/li><li>Metodo Globale Autodifesa<\/li><\/ul>\n<\/div><\/div>\n\n\n\n<p class=\"has-text-align-center\">&#8220;Non dimentichiamo mai che l&#8217;Aikido resto un ottimo strumento per conoscere se stessi ed imparare a relazionarsi in modo positivo e concreto con e verso il mondo circostante&#8221;<\/p>\n\n\n\n<p class=\"has-text-align-center\"><em>Vi aspettiamo per praticare insieme l&#8217;arte della pace interiore e dell&#8217;armonia.<\/em><\/p>\n\n\n\n<p class=\"has-text-align-center\">Per informazioni sui corsi chiamare o scrivere al <strong><em>3400642023<\/em><\/strong>.<\/p>\n\n\n\n<p><\/p>\n\n\n\n<p style=\"font-size:22px\"><em><strong>Un p\u00f2 di Storia..<\/strong><\/em><\/p>\n\n\n\n<p>L<strong><em>&#8216;aikid\u014d<\/em><\/strong>&nbsp;\u5408\u6c23\u9053&nbsp;\u00e8 un&#8217;arte marziale&nbsp;giapponese che potremmo tradurre come &#8220;Via dell&#8217;armonia&#8221;, viene&nbsp;praticata sia a mani nude sia con alcune delle <strong><em>armi tradizionali del&nbsp;Bud\u014d&nbsp;giapponese<\/em><\/strong>: <\/p>\n\n\n\n<p>&#8220;<em><strong>Ken<\/strong><\/em>&#8221; spada di legno<\/p>\n\n\n\n<p>&#8220;<strong><em>J\u014d<\/em><\/strong>&#8221; bastone corto (1,30cm)<\/p>\n\n\n\n<p>&#8220;<strong><em>Tant\u014d<\/em><\/strong>&#8221; coltello di legno (30cm)<\/p>\n\n\n\n<p>La disciplina dell&#8217;aikido fu sviluppata da&nbsp;Morihei Ueshiba&nbsp;(\u690d\u829d\u76db\u5e73)&nbsp;a partire da scuole antiche precedenti &#8220;Ryu&#8221;. L&#8217;Aikido infatti deriva per la maggior parte dall&#8217;arte marziale&nbsp;&#8220;Dait\u014d-Ry\u016b Aikij\u016bjutsu&#8221;, dalla quale per\u00f2 inizi\u00f2 a prendere le distanze, sviluppandosi come disciplina autonoma. Questo \u00e8 anche dovuto al coinvolgimento di Ueshiba con la religione&nbsp;\u014cmoto-ky\u014d.<\/p>\n\n\n\n<p>I suoi praticanti sono gli <strong><em>Aikidoka<\/em><\/strong> \u5408\u6c17\u9053\u5bb6.<\/p>\n","protected":false},"excerpt":{"rendered":"<p>Al Judo-Aikido Vittorio Veneto sono ormai diversi anni che \u00e8 avviata una delle scuole di Aikido FIJLKAM tra le pi\u00f9 importanti e conosciute d&#8217;Italia, in Regione Veneto infatti fu la prima ad essere avviata ed affiliata nel 1993 alla Federazione Italiana Judo Lotta Karate e Arti Marziali dal M. Vascellari Gianpietro. I corsi si tengono&hellip; <a class=\"more-link\" href=\"https:\/\/www.judovittorioveneto.net\/?page_id=11\">Continue reading <span class=\"screen-reader-text\">Aikido<\/span><\/a><\/p>\n","protected":false},"author":2,"featured_media":0,"parent":0,"menu_order":3,"comment_status":"closed","ping_status":"closed","template":"","meta":[],"_links":{"self":[{"href":"https:\/\/www.judovittorioveneto.net\/index.php?rest_route=\/wp\/v2\/pages\/11"}],"collection":[{"href":"https:\/\/www.judovittorioveneto.net\/index.php?rest_route=\/wp\/v2\/pages"}],"about":[{"href":"https:\/\/www.judovittorioveneto.net\/index.php?rest_route=\/wp\/v2\/types\/page"}],"author":[{"embeddable":true,"href":"https:\/\/www.judovittorioveneto.net\/index.php?rest_route=\/wp\/v2\/users\/2"}],"replies":[{"embeddable":true,"href":"https:\/\/www.judovittorioveneto.net\/index.php?rest_route=%2Fwp%2Fv2%2Fcomments&post=11"}],"version-history":[{"count":15,"href":"https:\/\/www.judovittorioveneto.net\/index.php?rest_route=\/wp\/v2\/pages\/11\/revisions"}],"predecessor-version":[{"id":3269,"href":"https:\/\/www.judovittorioveneto.net\/index.php?rest_route=\/wp\/v2\/pages\/11\/revisions\/3269"}],"wp:attachment":[{"href":"https:\/\/www.judovittorioveneto.net\/index.php?rest_route=%2Fwp%2Fv2%2Fmedia&parent=11"}],"curies":[{"name":"wp","href":"https:\/\/api.w.org\/{rel}","templated":true}]}}