{"id":12,"date":"2007-08-14T08:54:01","date_gmt":"2007-08-14T08:54:01","guid":{"rendered":"http:\/\/www.judovittorioveneto.net\/?page_id=12"},"modified":"2022-12-19T12:26:41","modified_gmt":"2022-12-19T12:26:41","slug":"contatti","status":"publish","type":"page","link":"https:\/\/www.judovittorioveneto.net\/?page_id=12","title":{"rendered":"Contatti"},"content":{"rendered":"<h3>Orario Segreteria:<\/h3>\n<p>Marted\u00ec dalle ore 17.00 alle ore 20.00 &#8211; Mercoled\u00ec e Venerd\u00ec dalle ore 16.00 alle ore 19.00<\/p>\n<p>mail: <a href=\"mailto:info@judovittorioveneto.net\">info@judovittorioveneto.net<\/a><\/p>\n<p>telefono Maestro: <a href=\"&quot;callto:+393475047179\">+39 347 5047179<\/a><\/p>\n<h3>Informazioni ed iscrizioni:<\/h3>\n<p>Presso la sede ASD JUDO-AIKIDO VITTORIO VENETO<br \/>\nPalasport, P.zza Aldo Moro\u00a0 (accanto alle Piscine Comunali) &#8211; Vittorio Veneto\u00a0 (TV)<\/p>\n<p><iframe loading=\"lazy\" style=\"border: 0;\" src=\"https:\/\/www.google.com\/maps\/embed?pb=!1m18!1m12!1m3!1d2772.165176075839!2d12.301345516185933!3d45.98793120636332!2m3!1f0!2f0!3f0!3m2!1i1024!2i768!4f13.1!3m3!1m2!1s0x477912167648c251%3A0x4037e39cdb85ac29!2sA.S.D.+Judo+Vittorio+Veneto!5e0!3m2!1sit!2sit!4v1446040430861\" width=\"585\" height=\"400\" frameborder=\"0\" allowfullscreen=\"allowfullscreen\"><\/iframe><\/p>\n","protected":false},"excerpt":{"rendered":"<p>Orario Segreteria: Marted\u00ec dalle ore 17.00 alle ore 20.00 &#8211; Mercoled\u00ec e Venerd\u00ec dalle ore 16.00 alle ore 19.00 mail: info@judovittorioveneto.net telefono Maestro: +39 347 5047179 Informazioni ed iscrizioni: Presso la sede ASD JUDO-AIKIDO VITTORIO VENETO Palasport, P.zza Aldo Moro\u00a0 (accanto alle Piscine Comunali) &#8211; Vittorio Veneto\u00a0 (TV)<\/p>\n","protected":false},"author":2,"featured_media":0,"parent":0,"menu_order":10,"comment_status":"closed","ping_status":"closed","template":"","meta":[],"_links":{"self":[{"href":"https:\/\/www.judovittorioveneto.net\/index.php?rest_route=\/wp\/v2\/pages\/12"}],"collection":[{"href":"https:\/\/www.judovittorioveneto.net\/index.php?rest_route=\/wp\/v2\/pages"}],"about":[{"href":"https:\/\/www.judovittorioveneto.net\/index.php?rest_route=\/wp\/v2\/types\/page"}],"author":[{"embeddable":true,"href":"https:\/\/www.judovittorioveneto.net\/index.php?rest_route=\/wp\/v2\/users\/2"}],"replies":[{"embeddable":true,"href":"https:\/\/www.judovittorioveneto.net\/index.php?rest_route=%2Fwp%2Fv2%2Fcomments&post=12"}],"version-history":[{"count":5,"href":"https:\/\/www.judovittorioveneto.net\/index.php?rest_route=\/wp\/v2\/pages\/12\/revisions"}],"predecessor-version":[{"id":3243,"href":"https:\/\/www.judovittorioveneto.net\/index.php?rest_route=\/wp\/v2\/pages\/12\/revisions\/3243"}],"wp:attachment":[{"href":"https:\/\/www.judovittorioveneto.net\/index.php?rest_route=%2Fwp%2Fv2%2Fmedia&parent=12"}],"curies":[{"name":"wp","href":"https:\/\/api.w.org\/{rel}","templated":true}]}}